{"id":2,"date":"2024-10-22T12:52:51","date_gmt":"2024-10-22T15:52:51","guid":{"rendered":"https:\/\/mercadomineral.com.br\/?page_id=2"},"modified":"2024-10-22T12:57:02","modified_gmt":"2024-10-22T15:57:02","slug":"home","status":"publish","type":"page","link":"https:\/\/mercadomineral.com.br\/","title":{"rendered":"Home"},"content":{"rendered":"\n<p>Logo<\/p>\n\n\n\n<p>Foto<\/p>\n\n\n\n<p>Texto de apresenta\u00e7\u00e3o<\/p>\n\n\n\n<p>conhe\u00e7a os projetos<\/p>\n\n\n\n<ul class=\"wp-block-list\">\n<li>territorio mineral<\/li>\n\n\n\n<li>geopark quadrilatero<\/li>\n\n\n\n<li>mercado mineral<\/li>\n\n\n\n<li>polo de excelencia mineral e metalurgico<\/li>\n\n\n\n<li>rede gasbrtas<\/li>\n\n\n\n<li>as muitas moradas<\/li>\n<\/ul>\n\n\n\n<p>Como posso ajudar?<\/p>\n\n\n\n<p>texto<\/p>\n\n\n\n<p>Artigos<\/p>\n\n\n\n<ul class=\"wp-block-list\">\n<li>Artigo 1<\/li>\n\n\n\n<li>Artigo 2<\/li>\n\n\n\n<li>Artigo 3<\/li>\n<\/ul>\n\n\n\n<p>Contatos, redes sociais<\/p>\n","protected":false},"excerpt":{"rendered":"<p>Logo Foto Texto de apresenta\u00e7\u00e3o conhe\u00e7a os projetos Como posso ajudar? texto Artigos Contatos, redes sociais<\/p>\n","protected":false},"author":1,"featured_media":0,"parent":0,"menu_order":0,"comment_status":"closed","ping_status":"closed","template":"","meta":{"footnotes":""},"class_list":["post-2","page","type-page","status-publish","hentry"],"_links":{"self":[{"href":"https:\/\/mercadomineral.com.br\/wp-json\/wp\/v2\/pages\/2"}],"collection":[{"href":"https:\/\/mercadomineral.com.br\/wp-json\/wp\/v2\/pages"}],"about":[{"href":"https:\/\/mercadomineral.com.br\/wp-json\/wp\/v2\/types\/page"}],"author":[{"embeddable":true,"href":"https:\/\/mercadomineral.com.br\/wp-json\/wp\/v2\/users\/1"}],"replies":[{"embeddable":true,"href":"https:\/\/mercadomineral.com.br\/wp-json\/wp\/v2\/comments?post=2"}],"version-history":[{"count":3,"href":"https:\/\/mercadomineral.com.br\/wp-json\/wp\/v2\/pages\/2\/revisions"}],"predecessor-version":[{"id":7,"href":"https:\/\/mercadomineral.com.br\/wp-json\/wp\/v2\/pages\/2\/revisions\/7"}],"wp:attachment":[{"href":"https:\/\/mercadomineral.com.br\/wp-json\/wp\/v2\/media?parent=2"}],"curies":[{"name":"wp","href":"https:\/\/api.w.org\/{rel}","templated":true}]}}